{"id":2162,"date":"2020-07-25T20:18:14","date_gmt":"2020-07-25T23:18:14","guid":{"rendered":"https:\/\/danielamaksoud.com.br\/blog\/?page_id=2162"},"modified":"2020-07-25T20:28:18","modified_gmt":"2020-07-25T23:28:18","slug":"analise-de-algoritmos-inf1721","status":"publish","type":"page","link":"https:\/\/danielamaksoud.com.br\/blog\/analise-de-algoritmos-inf1721\/","title":{"rendered":"An\u00e1lise de Algoritmos (INF1721)"},"content":{"rendered":"\r\n<h2>Primeira Prova<\/h2>\r\n<ul class=\"heart-list\">\r\n<li><a href=\"https:\/\/danielamaksoud.com.br\/materiais-de-estudo\/inf1721\/p1\/Enunciado_P1_INF1721_2020_1.pdf\">Enunciado<\/a><\/li>\r\n<li><a href=\"https:\/\/danielamaksoud.com.br\/materiais-de-estudo\/inf1721\/p1\/Gabarito_P1_INF1721_2020_1.pdf\">Gabarito<\/a><\/li>\r\n<li><a href=\"https:\/\/danielamaksoud.com.br\/materiais-de-estudo\/inf1721\/p1\/Minha_Resolucao_P1_INF1721_2020_1.pdf\">Minha Resolu\u00e7\u00e3o<\/a><\/li>\r\n<\/ul>\r\n\r\n\r\n\r\n<h2>Segunda Prova<\/h2>\r\n<ul class=\"heart-list\">\r\n<li><a href=\"https:\/\/danielamaksoud.com.br\/materiais-de-estudo\/inf1721\/p2\/Enunciado_P2_INF1721_2020_1.pdf\">Enunciado<\/a><\/li>\r\n<li><a href=\"https:\/\/danielamaksoud.com.br\/materiais-de-estudo\/inf1721\/p2\/Gabarito_P2_INF1721_2020_1.pdf\">Gabarito<\/a><\/li>\r\n<li><a href=\"https:\/\/danielamaksoud.com.br\/materiais-de-estudo\/inf1721\/p2\/Minha_Resolucao_P2_INF1721_2020_1.pdf\">Minha Resolu\u00e7\u00e3o<\/a><\/li>\r\n<\/ul>\r\n","protected":false},"excerpt":{"rendered":"<p>Primeira Prova Enunciado Gabarito Minha Resolu\u00e7\u00e3o Segunda Prova Enunciado Gabarito Minha Resolu\u00e7\u00e3o<\/p>\n","protected":false},"author":1,"featured_media":0,"parent":0,"menu_order":0,"comment_status":"closed","ping_status":"closed","template":"","meta":{"jetpack_post_was_ever_published":false,"footnotes":""},"class_list":["post-2162","page","type-page","status-publish","hentry"],"jetpack_sharing_enabled":true,"jetpack_shortlink":"https:\/\/wp.me\/PaVjRH-yS","jetpack_likes_enabled":true,"jetpack-related-posts":[],"_links":{"self":[{"href":"https:\/\/danielamaksoud.com.br\/blog\/wp-json\/wp\/v2\/pages\/2162","targetHints":{"allow":["GET"]}}],"collection":[{"href":"https:\/\/danielamaksoud.com.br\/blog\/wp-json\/wp\/v2\/pages"}],"about":[{"href":"https:\/\/danielamaksoud.com.br\/blog\/wp-json\/wp\/v2\/types\/page"}],"author":[{"embeddable":true,"href":"https:\/\/danielamaksoud.com.br\/blog\/wp-json\/wp\/v2\/users\/1"}],"replies":[{"embeddable":true,"href":"https:\/\/danielamaksoud.com.br\/blog\/wp-json\/wp\/v2\/comments?post=2162"}],"version-history":[{"count":4,"href":"https:\/\/danielamaksoud.com.br\/blog\/wp-json\/wp\/v2\/pages\/2162\/revisions"}],"predecessor-version":[{"id":2168,"href":"https:\/\/danielamaksoud.com.br\/blog\/wp-json\/wp\/v2\/pages\/2162\/revisions\/2168"}],"wp:attachment":[{"href":"https:\/\/danielamaksoud.com.br\/blog\/wp-json\/wp\/v2\/media?parent=2162"}],"curies":[{"name":"wp","href":"https:\/\/api.w.org\/{rel}","templated":true}]}}