{"id":2169,"date":"2020-07-25T20:32:41","date_gmt":"2020-07-25T23:32:41","guid":{"rendered":"https:\/\/danielamaksoud.com.br\/blog\/?page_id=2169"},"modified":"2020-07-25T21:42:55","modified_gmt":"2020-07-26T00:42:55","slug":"probabilidade-e-estatistica-eng1029","status":"publish","type":"page","link":"https:\/\/danielamaksoud.com.br\/blog\/probabilidade-e-estatistica-eng1029\/","title":{"rendered":"Probabilidade e Estat\u00edstica (ENG1029)"},"content":{"rendered":"\r\n<h2>Lista 02<\/h2>\r\n<ul class=\"heart-list\">\r\n<li><a href=\"https:\/\/danielamaksoud.com.br\/materiais-de-estudo\/eng1029\/lista-2\/Enunciado_Lista_02_ENG1029_2020_1.pdf\">Enunciado da Lista 02<\/a><\/li>\r\n<li><a href=\"https:\/\/danielamaksoud.com.br\/materiais-de-estudo\/eng1029\/lista-2\/Lista_02_ENG1029_2020_1.pdf\">Minha Resolu\u00e7\u00e3o da Lista 02<\/a><\/li>\r\n<\/ul>\r\n\r\n\r\n\r\n<h2>Lista 03<\/h2>\r\n<ul class=\"heart-list\">\r\n<li><a href=\"https:\/\/danielamaksoud.com.br\/materiais-de-estudo\/eng1029\/lista-3\/Enunciado_Lista_03_ENG1029_2020_1.pdf\">Enunciado da Lista 03<\/a><\/li>\r\n<li><a href=\"https:\/\/danielamaksoud.com.br\/materiais-de-estudo\/eng1029\/lista-3\/Lista_03_ENG1029_2020_1.pdf\">Minha Resolu\u00e7\u00e3o da Lista 03<\/a><\/li>\r\n<\/ul>\r\n\r\n\r\n\r\n<h2>Lista 04<\/h2>\r\n<ul class=\"heart-list\">\r\n<li><a href=\"https:\/\/danielamaksoud.com.br\/materiais-de-estudo\/eng1029\/lista-4\/Enunciado_Lista_04_ENG1029_2020_1.pdf\">Enunciado da Lista 04<\/a><\/li>\r\n<li><a href=\"https:\/\/danielamaksoud.com.br\/materiais-de-estudo\/eng1029\/lista-4\/Lista_04_ENG1029_2020_1.pdf\">Minha Resolu\u00e7\u00e3o da Lista 04<\/a><\/li>\r\n<\/ul>\r\n\r\n\r\n\r\n<h2>Lista 05<\/h2>\r\n<ul class=\"heart-list\">\r\n<li><a href=\"https:\/\/danielamaksoud.com.br\/materiais-de-estudo\/eng1029\/lista-5\/Enunciado_Lista_05_ENG1029_2020_1.pdf\">Enunciado da Lista 05<\/a><\/li>\r\n<li><a href=\"https:\/\/danielamaksoud.com.br\/materiais-de-estudo\/eng1029\/lista-5\/Lista_05_ENG1029_2020_1.pdf\">Minha Resolu\u00e7\u00e3o da Lista 05<\/a><\/li>\r\n<\/ul>\r\n\r\n\r\n\r\n<h2>Lista 06<\/h2>\r\n<ul class=\"heart-list\">\r\n<li><a href=\"https:\/\/danielamaksoud.com.br\/materiais-de-estudo\/eng1029\/lista-6\/Enunciado_Lista_06_ENG1029_2020_1.pdf\">Enunciado da Lista 06<\/a><\/li>\r\n<li><a href=\"https:\/\/danielamaksoud.com.br\/materiais-de-estudo\/eng1029\/lista-6\/Lista_06_ENG1029_2020_1.pdf\">Minha Resolu\u00e7\u00e3o da Lista 06<\/a><\/li>\r\n<\/ul>\r\n\r\n\r\n\r\n<h2>Lista 07<\/h2>\r\n<ul class=\"heart-list\">\r\n<li><a href=\"https:\/\/danielamaksoud.com.br\/materiais-de-estudo\/eng1029\/lista-7\/Enunciado_Lista_07_ENG1029_2020_1.pdf\">Enunciado da Lista 07<\/a><\/li>\r\n<li><a href=\"https:\/\/danielamaksoud.com.br\/materiais-de-estudo\/eng1029\/lista-7\/Lista_07_ENG1029_2020_1.pdf\">Minha Resolu\u00e7\u00e3o da Lista 07<\/a><\/li>\r\n<\/ul>\r\n\r\n\r\n\r\n<h2>Lista 08<\/h2>\r\n<ul class=\"heart-list\">\r\n<li><a href=\"https:\/\/danielamaksoud.com.br\/materiais-de-estudo\/eng1029\/lista-8\/Enunciado_Lista_08_ENG1029_2020_1.pdf\">Enunciado da Lista 08<\/a><\/li>\r\n<li><a href=\"https:\/\/danielamaksoud.com.br\/materiais-de-estudo\/eng1029\/lista-8\/Lista_08_ENG1029_2020_1.pdf\">Minha Resolu\u00e7\u00e3o da Lista 08<\/a><\/li>\r\n<\/ul>\r\n\r\n\r\n\r\n<h2>Lista 09<\/h2>\r\n<ul class=\"heart-list\">\r\n<li><a href=\"https:\/\/danielamaksoud.com.br\/materiais-de-estudo\/eng1029\/lista-9\/Enunciado_Lista_09_ENG1029_2020_1.pdf\">Enunciado da Lista 09<\/a><\/li>\r\n<li><a href=\"https:\/\/danielamaksoud.com.br\/materiais-de-estudo\/eng1029\/lista-9\/Lista_09_ENG1029_2020_1.pdf\">Minha Resolu\u00e7\u00e3o da Lista 09<\/a><\/li>\r\n<\/ul>\r\n\r\n\r\n\r\n<h2>Lista 10<\/h2>\r\n<ul class=\"heart-list\">\r\n<li><a href=\"https:\/\/danielamaksoud.com.br\/materiais-de-estudo\/eng1029\/lista-10\/Enunciado_Lista_10_ENG1029_2020_1.pdf\">Enunciado da Lista 10<\/a><\/li>\r\n<li><a href=\"https:\/\/danielamaksoud.com.br\/materiais-de-estudo\/eng1029\/lista-10\/Lista_10_ENG1029_2020_1.pdf\">Minha Resolu\u00e7\u00e3o da Lista 10<\/a><\/li>\r\n<\/ul>\r\n","protected":false},"excerpt":{"rendered":"<p>Lista 02 Enunciado da Lista 02 Minha Resolu\u00e7\u00e3o da Lista 02 Lista 03 Enunciado da Lista 03 Minha Resolu\u00e7\u00e3o da Lista 03 Lista 04 Enunciado da Lista 04 Minha Resolu\u00e7\u00e3o&#8230;<\/p>\n<div class=\"post-bottom\"><a class=\"button\" href=\"https:\/\/danielamaksoud.com.br\/blog\/probabilidade-e-estatistica-eng1029\/\">Leia Mais<\/a><\/div>\n<div class=\"cf\"><\/div>\n","protected":false},"author":1,"featured_media":0,"parent":0,"menu_order":0,"comment_status":"closed","ping_status":"closed","template":"","meta":{"jetpack_post_was_ever_published":false,"footnotes":""},"class_list":["post-2169","page","type-page","status-publish","hentry"],"jetpack_sharing_enabled":true,"jetpack_shortlink":"https:\/\/wp.me\/PaVjRH-yZ","jetpack_likes_enabled":true,"jetpack-related-posts":[],"_links":{"self":[{"href":"https:\/\/danielamaksoud.com.br\/blog\/wp-json\/wp\/v2\/pages\/2169","targetHints":{"allow":["GET"]}}],"collection":[{"href":"https:\/\/danielamaksoud.com.br\/blog\/wp-json\/wp\/v2\/pages"}],"about":[{"href":"https:\/\/danielamaksoud.com.br\/blog\/wp-json\/wp\/v2\/types\/page"}],"author":[{"embeddable":true,"href":"https:\/\/danielamaksoud.com.br\/blog\/wp-json\/wp\/v2\/users\/1"}],"replies":[{"embeddable":true,"href":"https:\/\/danielamaksoud.com.br\/blog\/wp-json\/wp\/v2\/comments?post=2169"}],"version-history":[{"count":8,"href":"https:\/\/danielamaksoud.com.br\/blog\/wp-json\/wp\/v2\/pages\/2169\/revisions"}],"predecessor-version":[{"id":2195,"href":"https:\/\/danielamaksoud.com.br\/blog\/wp-json\/wp\/v2\/pages\/2169\/revisions\/2195"}],"wp:attachment":[{"href":"https:\/\/danielamaksoud.com.br\/blog\/wp-json\/wp\/v2\/media?parent=2169"}],"curies":[{"name":"wp","href":"https:\/\/api.w.org\/{rel}","templated":true}]}}