{"id":395,"date":"2019-04-21T02:18:06","date_gmt":"2019-04-21T05:18:06","guid":{"rendered":"https:\/\/danielamaksoud.com.br\/blog\/?page_id=395"},"modified":"2020-07-25T20:59:51","modified_gmt":"2020-07-25T23:59:51","slug":"como-inserir-link-para-editar-post","status":"publish","type":"page","link":"https:\/\/danielamaksoud.com.br\/blog\/materiais-gratuitos\/como-inserir-link-para-editar-post\/","title":{"rendered":"Como inserir link para editar post?"},"content":{"rendered":"\r\n<h2>Fun\u00e7\u00e3o do WordPress<\/h2>\r\n<p><b>get_edit_post_link(<u>$id<\/u>, <u>$display<\/u>)<\/b><\/p>\r\n\r\n<h2>Par\u00e2metros<\/h2>\r\n<h3>$id<\/h3>\r\n<p>ID do post.<\/p>\r\n<p>Se estiver dentro do loop, tem <b>$post->ID<\/b> como valor padr\u00e3o.<\/p>\r\n<p>Se estiver fora do loop, \u00e9 necess\u00e1rio fornec\u00ea-lo com o <b>ID<\/b> do post desejado.<\/p>\r\n\r\n<h3>$display<\/h3>\r\n<p>Define o valor de sa\u00edda do <b>&#038;<\/b> na URL gerada.<\/p>\r\n<p>Se n\u00e3o for indicado, tem a string &#8220;display&#8221; como valor padr\u00e3o e gera &#8220;<b><\/b>&#8221; na sa\u00edda.<\/p>\r\n\r\n<h2>Retorno<\/h2>\r\n<p>URL da p\u00e1gina de edi\u00e7\u00e3o do post.<\/p>\r\n\r\n<h2>Utiliza\u00e7\u00e3o<\/h2>\r\n<pre class=\"EnlighterJSRAW\" data-enlighter-language=\"html\">\r\n<a href=\"<?php echo get_edit_post_link(); ?>\">Editar post<\/a>\r\n<\/pre>\r\n\r\n<h2>Refer\u00eancia<\/h2>\r\n<p>Consulte <a href=\"https:\/\/developer.wordpress.org\/reference\/functions\/get_edit_post_link\/\" target=\"_blank\" rel=\"noopener noreferrer\">aqui<\/a>.<\/p>\r\n\r\n\r\n\r\n<p><\/p>\r\n","protected":false},"excerpt":{"rendered":"<p>Fun\u00e7\u00e3o do WordPress get_edit_post_link($id, $display) Par\u00e2metros $id ID do post. Se estiver dentro do loop, tem $post->ID como valor padr\u00e3o. Se estiver fora do loop, \u00e9 necess\u00e1rio fornec\u00ea-lo com o&#8230;<\/p>\n<div class=\"post-bottom\"><a class=\"button\" href=\"https:\/\/danielamaksoud.com.br\/blog\/materiais-gratuitos\/como-inserir-link-para-editar-post\/\">Leia Mais<\/a><\/div>\n<div class=\"cf\"><\/div>\n","protected":false},"author":1,"featured_media":0,"parent":6,"menu_order":0,"comment_status":"closed","ping_status":"closed","template":"","meta":{"jetpack_post_was_ever_published":false,"footnotes":""},"class_list":["post-395","page","type-page","status-publish","hentry"],"jetpack_sharing_enabled":true,"jetpack_shortlink":"https:\/\/wp.me\/PaVjRH-6n","jetpack_likes_enabled":true,"jetpack-related-posts":[],"_links":{"self":[{"href":"https:\/\/danielamaksoud.com.br\/blog\/wp-json\/wp\/v2\/pages\/395","targetHints":{"allow":["GET"]}}],"collection":[{"href":"https:\/\/danielamaksoud.com.br\/blog\/wp-json\/wp\/v2\/pages"}],"about":[{"href":"https:\/\/danielamaksoud.com.br\/blog\/wp-json\/wp\/v2\/types\/page"}],"author":[{"embeddable":true,"href":"https:\/\/danielamaksoud.com.br\/blog\/wp-json\/wp\/v2\/users\/1"}],"replies":[{"embeddable":true,"href":"https:\/\/danielamaksoud.com.br\/blog\/wp-json\/wp\/v2\/comments?post=395"}],"version-history":[{"count":105,"href":"https:\/\/danielamaksoud.com.br\/blog\/wp-json\/wp\/v2\/pages\/395\/revisions"}],"predecessor-version":[{"id":2190,"href":"https:\/\/danielamaksoud.com.br\/blog\/wp-json\/wp\/v2\/pages\/395\/revisions\/2190"}],"up":[{"embeddable":true,"href":"https:\/\/danielamaksoud.com.br\/blog\/wp-json\/wp\/v2\/pages\/6"}],"wp:attachment":[{"href":"https:\/\/danielamaksoud.com.br\/blog\/wp-json\/wp\/v2\/media?parent=395"}],"curies":[{"name":"wp","href":"https:\/\/api.w.org\/{rel}","templated":true}]}}