{"id":542,"date":"2019-04-22T11:40:59","date_gmt":"2019-04-22T14:40:59","guid":{"rendered":"https:\/\/danielamaksoud.com.br\/blog\/?page_id=542"},"modified":"2020-07-27T09:37:39","modified_gmt":"2020-07-27T12:37:39","slug":"como-inserir-links","status":"publish","type":"page","link":"https:\/\/danielamaksoud.com.br\/blog\/materiais-gratuitos\/como-inserir-links\/","title":{"rendered":"Como inserir links?"},"content":{"rendered":"\r\n<p>No HTML, utilizamos a <em>tag<\/em> <span style=\"text-indent: 0 !important; display: inline-block;\"><code class=\"EnlighterJSRAW\" data-enlighter-language=\"html\">&lt;a&gt;<\/code><\/span> (elemento \u00e2ncora) para exibir uma liga\u00e7\u00e3o ou <i>link<\/i>.<\/p>\r\n\r\n<h2>Atributos<\/h2>\r\n<h3>href<\/h3>\r\n<p>O atributo <b>href<\/b> define a URL de destino do <em>link<\/em> e \u00e9 <b>obrigat\u00f3rio<\/b>.<\/p>\r\n\r\n<h3><em>target<\/em><\/h3>\r\n<p>O atributo <b><em>target<\/em><\/b> determina como o <em>link<\/em> ser\u00e1 exibido.<\/p>\r\n\r\n<h4><b>_self<\/b>: <\/h4>\r\n<p>Abre o <em>link<\/em> na mesma janela e \u00e9 o <b>valor padr\u00e3o<\/b> quando o atributo <b><em>target<\/em><\/b> n\u00e3o \u00e9 definido.<\/p>\r\n\r\n<h4><b>_blank<\/b>: <\/h4>\r\n<p>Abre o <em>link<\/em> em uma nova janela.<\/p>\r\n\r\n<h2>Exemplo 1<\/h2>\r\n<p>Elemento \u00e2ncora com liga\u00e7\u00e3o para arquivo externo que abre em uma nova janela.<\/p>\r\n<pre class=\"EnlighterJSRAW\" data-enlighter-language=\"html\">\r\n<a href=\"https:\/\/www.danielamaksoud.com.br\" target=\"_blank\" rel=\"noopener noreferrer\">Veja meu curr\u00edculo<\/a>\r\n<\/pre>\r\n\r\n<h2>Resultado<\/h2>\r\n<p><a href=\"https:\/\/www.danielamaksoud.com.br\/\" target=\"_blank\" rel=\"noopener noreferrer\">Veja meu curr\u00edculo<\/a><\/p>\r\n\r\n<h2>Exemplo 2<\/h2>\r\n<p>Elemento \u00e2ncora com liga\u00e7\u00e3o para arquivo externo que abre na mesma janela.<\/p>\r\n\r\n<pre class=\"EnlighterJSRAW\" data-enlighter-language=\"html\"><a href=\"https:\/\/www.danielamaksoud.com.br\/blog\">Veja meus posts<\/a>\r\n<\/pre>\r\n\r\n<p>ou<\/p>\r\n\r\n<pre class=\"EnlighterJSRAW\" data-enlighter-language=\"html\"><a href=\"https:\/\/www.danielamaksoud.com.br\/blog\" target=\"_self\" rel=\"noopener noreferrer\">Veja meus posts<\/a>\r\n<\/pre>\r\n\r\n<h2>Resultado<\/h2>\r\n<p><a href=\"https:\/\/www.danielamaksoud.com.br\/blog\">Veja meus posts<\/a><\/p>\r\n\r\n\r\n\r\n<p><\/p>\r\n","protected":false},"excerpt":{"rendered":"<p>No HTML, utilizamos a tag &lt;a&gt; (elemento \u00e2ncora) para exibir uma liga\u00e7\u00e3o ou link. Atributos href O atributo href define a URL de destino do link e \u00e9 obrigat\u00f3rio. target&#8230;<\/p>\n<div class=\"post-bottom\"><a class=\"button\" href=\"https:\/\/danielamaksoud.com.br\/blog\/materiais-gratuitos\/como-inserir-links\/\">Leia Mais<\/a><\/div>\n<div class=\"cf\"><\/div>\n","protected":false},"author":1,"featured_media":0,"parent":6,"menu_order":0,"comment_status":"closed","ping_status":"closed","template":"","meta":{"jetpack_post_was_ever_published":false,"footnotes":""},"class_list":["post-542","page","type-page","status-publish","hentry"],"jetpack_sharing_enabled":true,"jetpack_shortlink":"https:\/\/wp.me\/PaVjRH-8K","jetpack_likes_enabled":true,"jetpack-related-posts":[],"_links":{"self":[{"href":"https:\/\/danielamaksoud.com.br\/blog\/wp-json\/wp\/v2\/pages\/542","targetHints":{"allow":["GET"]}}],"collection":[{"href":"https:\/\/danielamaksoud.com.br\/blog\/wp-json\/wp\/v2\/pages"}],"about":[{"href":"https:\/\/danielamaksoud.com.br\/blog\/wp-json\/wp\/v2\/types\/page"}],"author":[{"embeddable":true,"href":"https:\/\/danielamaksoud.com.br\/blog\/wp-json\/wp\/v2\/users\/1"}],"replies":[{"embeddable":true,"href":"https:\/\/danielamaksoud.com.br\/blog\/wp-json\/wp\/v2\/comments?post=542"}],"version-history":[{"count":41,"href":"https:\/\/danielamaksoud.com.br\/blog\/wp-json\/wp\/v2\/pages\/542\/revisions"}],"predecessor-version":[{"id":2228,"href":"https:\/\/danielamaksoud.com.br\/blog\/wp-json\/wp\/v2\/pages\/542\/revisions\/2228"}],"up":[{"embeddable":true,"href":"https:\/\/danielamaksoud.com.br\/blog\/wp-json\/wp\/v2\/pages\/6"}],"wp:attachment":[{"href":"https:\/\/danielamaksoud.com.br\/blog\/wp-json\/wp\/v2\/media?parent=542"}],"curies":[{"name":"wp","href":"https:\/\/api.w.org\/{rel}","templated":true}]}}