{"id":6,"date":"2019-04-14T20:38:14","date_gmt":"2019-04-14T23:38:14","guid":{"rendered":"https:\/\/danielamaksoud.com.br\/blog\/?page_id=6"},"modified":"2023-09-14T09:44:24","modified_gmt":"2023-09-14T12:44:24","slug":"materiais-gratuitos","status":"publish","type":"page","link":"https:\/\/danielamaksoud.com.br\/blog\/materiais-gratuitos\/","title":{"rendered":"Materiais Gratuitos"},"content":{"rendered":"\r\n<blockquote style=\"margin-top: 10px;\">\r\n<ul class=\"heart-list\">\r\n<li>Utilize este conte\u00fado somente para o seu aprendizado.<\/li>\r\n<li>N\u00e3o redistribua este conte\u00fado no seu <em>site<\/em> ou <em>blog<\/em>.<\/li>\r\n<li>Ao utilizar este conte\u00fado, voc\u00ea concorda com os termos descritos acima.<\/li>\r\n<\/ul>\r\n<\/blockquote>\r\n\r\n\r\n\r\n<!-- <h2>Git<\/h2>\r\n<ul class=\"heart-list\">\r\n<li><a href=\"https:\/\/danielamaksoud.com.br\/blog\/como-configurar-o-git-para-acessar-o-github\/\">Como configurar o Git para acessar o Github?<\/a><\/li>\r\n<li><a href=\"https:\/\/danielamaksoud.com.br\/blog\/como-clonar-repositorios-do-github-com-o-git\/\">Como clonar reposit\u00f3rios do Github com o Git?<\/a><\/li>\r\n<li><a href=\"https:\/\/danielamaksoud.com.br\/blog\/como-enviar-as-modificacoes-realizadas-no-git-para-o-github\/\">Como enviar as modifica\u00e7\u00f5es realizadas no Git para o Github?<\/a><\/li>\r\n<\/ul> -->\r\n\r\n\r\n\r\n<h2>HTML<\/h2>\r\n<ul class=\"heart-list\">\r\n<li><a href=\"https:\/\/danielamaksoud.com.br\/blog\/como-inserir-links\/\">Como inserir <em>links<\/em>?<\/a><\/li>\r\n<li><a href=\"https:\/\/danielamaksoud.com.br\/blog\/dicas-e-tutoriais\/como-inserir-imagens\/\">Como inserir imagens?<\/a><\/li>\r\n<\/ul>\r\n\r\n\r\n\r\n<h2>PUC-Rio<\/h2>\r\n<ul class=\"heart-list\">\r\n<li><a href=\"https:\/\/danielamaksoud.com.br\/blog\/analise-de-algoritmos-inf1721\">Provas resolvidas de An\u00e1lise de Algoritmos (INF1721)<\/a><\/li>\r\n<li><a href=\"https:\/\/danielamaksoud.com.br\/blog\/probabilidade-e-estatistica-eng1029\/\">Listas de exerc\u00edcios resolvidas de Probabilidade e Estat\u00edstica (ENG1029)<\/a><\/li>\r\n<li><a href=\"https:\/\/danielamaksoud.com.br\/blog\/computacao-grafica-e-ia-na-web-moderna-inf-2008\/\">Tarefas resolvidas (INF2008)<\/a><\/li>\r\n<\/ul>\r\n\r\n\r\n\r\n<h2>Python<\/h2>\r\n<ul class=\"heart-list\">\r\n<li><a href=\"https:\/\/danielamaksoud.com.br\/blog\/exercicios-resolvidos-de-expressoes-aritmeticas-e-variaveis-em-python\">Exerc\u00edcios resolvidos de express\u00f5es aritm\u00e9ticas e vari\u00e1veis<\/a><\/li>\r\n<\/ul>\r\n\r\n\r\n\r\n<h2>Recursos<\/h2>\r\n<ul class=\"heart-list\">\r\n<li><a href=\"https:\/\/danielamaksoud.com.br\/blog\/sites-com-recursos-graficos-gratuitos-para-uso-comercial\/\">Sites com recursos gr\u00e1ficos gratuitos para uso comercial<\/a><\/li>\r\n<\/ul>\r\n\r\n\r\n\r\n<h2>WordPress<\/h2>\r\n<ul class=\"heart-list\">\r\n<li><a href=\"https:\/\/danielamaksoud.com.br\/blog\/como-inserir-link-para-editar-post\/\">Como inserir <em>link<\/em> para editar post?<\/a><\/li>\r\n<\/ul>\r\n","protected":false},"excerpt":{"rendered":"<p>Utilize este conte\u00fado somente para o seu aprendizado. N\u00e3o redistribua este conte\u00fado no seu site ou blog. Ao utilizar este conte\u00fado, voc\u00ea concorda com os termos descritos acima. HTML Como&#8230;<\/p>\n<div class=\"post-bottom\"><a class=\"button\" href=\"https:\/\/danielamaksoud.com.br\/blog\/materiais-gratuitos\/\">Leia Mais<\/a><\/div>\n<div class=\"cf\"><\/div>\n","protected":false},"author":1,"featured_media":0,"parent":0,"menu_order":0,"comment_status":"closed","ping_status":"closed","template":"","meta":{"jetpack_post_was_ever_published":false,"footnotes":""},"class_list":["post-6","page","type-page","status-publish","hentry"],"jetpack_sharing_enabled":true,"jetpack_shortlink":"https:\/\/wp.me\/PaVjRH-6","jetpack_likes_enabled":true,"jetpack-related-posts":[],"_links":{"self":[{"href":"https:\/\/danielamaksoud.com.br\/blog\/wp-json\/wp\/v2\/pages\/6","targetHints":{"allow":["GET"]}}],"collection":[{"href":"https:\/\/danielamaksoud.com.br\/blog\/wp-json\/wp\/v2\/pages"}],"about":[{"href":"https:\/\/danielamaksoud.com.br\/blog\/wp-json\/wp\/v2\/types\/page"}],"author":[{"embeddable":true,"href":"https:\/\/danielamaksoud.com.br\/blog\/wp-json\/wp\/v2\/users\/1"}],"replies":[{"embeddable":true,"href":"https:\/\/danielamaksoud.com.br\/blog\/wp-json\/wp\/v2\/comments?post=6"}],"version-history":[{"count":85,"href":"https:\/\/danielamaksoud.com.br\/blog\/wp-json\/wp\/v2\/pages\/6\/revisions"}],"predecessor-version":[{"id":2688,"href":"https:\/\/danielamaksoud.com.br\/blog\/wp-json\/wp\/v2\/pages\/6\/revisions\/2688"}],"wp:attachment":[{"href":"https:\/\/danielamaksoud.com.br\/blog\/wp-json\/wp\/v2\/media?parent=6"}],"curies":[{"name":"wp","href":"https:\/\/api.w.org\/{rel}","templated":true}]}}